{"id":5439,"date":"2025-05-02T10:08:25","date_gmt":"2025-05-02T10:08:25","guid":{"rendered":"https:\/\/veact.com\/?page_id=5439"},"modified":"2026-01-20T07:50:24","modified_gmt":"2026-01-20T07:50:24","slug":"newsroom","status":"publish","type":"page","link":"https:\/\/veact.com\/de\/newsroom\/","title":{"rendered":"Newsroom"},"content":{"rendered":"<!--Start Big Stage -->\n\t\t<section class=\"snk-stage snk-stage_medium snk-bg_4\">\n\t\t\t<div class=\"container\">\n\t\t\t\t<div class=\"row\">\n\t\t\t\t\t<div class=\"col-12 col-md-6\">\n\t\t\t\t\t\t<div class=\"snk-stage-copy\">\n\t\t\t\t\t\t\t\t\t\t\t\t\t\t\t<h1>Newsroom<\/h1>\n\t\t\t\t\t\t\t\n\t\t\t\t\t\t\t\t\t\t\t\t\t\t\t<p>Willkommen in der Informationszentrale von Veact. <br \/>\r\nHier finden Sie unsere aktuellen Nachrichten, Experten-Blogs, Newsletter-Services, Podcasts und mehr.<\/p>\n\t\t\t\t\t\t\t\t\t\t\t\t\t\t\n\t\t\t\t\t\t\t\t\t\t\t\t\t\t<\/div>\n\t\t\t\t\t<\/div>\n\t\t\t\t    <div class=\"col-12 col-md-6 snk-stage-mediaCol\">\n        <div class=\"snk-stage-image\">\n            <img decoding=\"async\" width=\"732\" height=\"838\" src=\"https:\/\/veact.com\/wp-content\/uploads\/2024\/07\/software-digitale-fahrspur_aboutus_stage_732x838px.jpg\" class=\"no-lazy\" alt=\"\u0084V\u0093-Element ist ein starker visueller Hinweis auf Veact\" loading=\"eager\" fetchpriority=\"high\" title=\"Software-digitale-fahrspur_aboutus_stage_732x838px.jpg\" aria-label=\"Innovative Mobilit\u00e4t mit futurischem Geschwindigkeitserlebnis und vision\u00e4rer Technologie im digitalen Zeitalter\" srcset=\"https:\/\/veact.com\/wp-content\/uploads\/2024\/07\/software-digitale-fahrspur_aboutus_stage_732x838px.jpg 732w, https:\/\/veact.com\/wp-content\/uploads\/2024\/07\/software-digitale-fahrspur_aboutus_stage_732x838px-262x300.jpg 262w\" sizes=\"(max-width: 732px) 100vw, 732px\" \/>        <\/div>\n    <\/div>\n\t\t\t\t<\/div>\n\t\t\t<\/div>\n\t\t<\/section>\n\t\t\n<!--End Big Stage -->\n\n\n\n\t<section class=\"snk-section snk-section_noPadding snk-section_center\">\n\t\t<div class=\"container container\">\n\t\t\t<div class=\"snk-textBlock\" style=\"max-width: 100%;\">\n\n\t\t\t\t\t\t\t\n\t\t\t\t\t\t\t\t\t<p>\n\t\t\t\t\t<p> <h2>Digitale Transformation<p>Visionen, die Wirkung zeigen\t\t\t\t\t<\/p>\n\t\t\t\t\t\t\t\t\n\t\t\t\t\t\t\t<\/div>\n\t\t<\/div>\n\t<\/section>\n\n\t\n\n\n\n\t<section class=\"snk-section snk-section_noPadding\">\n\t\t<div class=\"container container\">\n\t\t\t<div class=\"snk-textBlock\" style=\"max-width: 100%;\">\n\n\t\t\t\t\t\t\t\n\t\t\t\t\t\t\t\t\t<p>\n\t\t\t\t\tWas treibt das Topmanagement von Veact an? Es sind datengetriebene Strategien, die nicht nur inspirieren, sondern messbaren Mehrwert schaffen. Erleben Sie, wie aus Visionen konkrete Erfolge werden \u2013 pers\u00f6nlich, praxisnah und mit klarem Fokus auf nachhaltige Kundenbindung.\r\n  <\/p>\t\t\t\t\t<\/p>\n\t\t\t\t\t\t\t\t\n\t\t\t\t\t\t\t<\/div>\n\t\t<\/div>\n\t<\/section>\n\n\t\n\n\n\n\t<section class=\"snk-section snk-section_noPadding snk-section_center\">\n\t\t<div class=\"container container\">\n\t\t\t<div class=\"snk-textBlock\" style=\"max-width: 100%;\">\n\n\t\t\t\t\t\t\t\n\t\t\t\t\t\t\t\t\t<p>\n\t\t\t\t\t<h3 style=\"font-size: 1.5rem; font-weight: 600; margin-top: 2rem; margin-bottom: 1rem;\">\r\n  Aktuelle Nachrichten, exklusive Einblicke und mehr\r\n<\/h3>\t\t\t\t\t<\/p>\n\t\t\t\t\t\t\t\t\n\t\t\t\t\t\t\t<\/div>\n\t\t<\/div>\n\t<\/section>\n\n\t\n\n\t<section class=\"snk-section snk-section_teaser snk-section_successStories\">\n\t\t<div class=\"container\">\n\t\t\t<div class=\"splide splide_custom snk-teaserSlider\">\n\t\t\t<div class=\"splide__track\">\n\t\t\t\t<div class=\"splide__list splide__list-visible\">\n\t\t\t\t\t\t\t\t\t<div class=\"splide__slide\">\n\t\t\t\t\t\t<a aria-hidden=\"true\" href=\"https:\/\/veact.com\/de\/blog-magazin\/whitepaper\/\" class=\"snk-teaser snk-teaser_stories\">\n\n\t\t\t\t\t\t\t\t\t\t\t\t\t\t\t<div class=\"snk-teaser-image\">\n\t\t\t\t\t\t\t\t\t\n\t\t\t\t\t\t\t\t\t<img \n\t\t\t\t\t\t\t\t\t\tdata-src=\"https:\/\/veact.com\/wp-content\/uploads\/2025\/05\/customer-journey-vernetzte-verkehrsfluesse_teaser_400x300.png\" \n\t\t\t\t\t\t\t\t\t\talt=\"Customer Journey\" \n\t\t\t\t\t\t\t\t\t\ttitle=\"St\u00e4dtischer Stra\u00dfenverkehr mit hohem Fahrzeugaufkommen und optimierter Verkehrsf\u00fchrung f\u00fcr moderne urbane Mobilit\u00e4tsl\u00f6sungen\" \n\t\t\t\t\t\t\t\t\t\taria-label=\"Draufsicht auf eine stark befahrene mehrspurige Kreuzung mit klar markierten Fahrspuren und Zebrastreifen. Die Autos bewegen sich in geordneter Struktur durch den Stadtverkehr bei tr\u00fcbem Wetter.\" \n\t\t\t\t\t\t\t\t\t src=\"data:image\/svg+xml;base64,PHN2ZyB3aWR0aD0iMSIgaGVpZ2h0PSIxIiB4bWxucz0iaHR0cDovL3d3dy53My5vcmcvMjAwMC9zdmciPjwvc3ZnPg==\" class=\"lazyload\" style=\"--smush-placeholder-width: 400px; --smush-placeholder-aspect-ratio: 400\/300;\" \/>\n\t\t\t\t\t\t\t\t<\/div>\t\t\t\t\t\t\t\t\n\t\t\t\t\t\t\t\t\t\t\t\t\t\t\n\t\t\t\t\t\t\n\t\t\t\t\t\t\t<div class=\"snk-teaser-content\">\n\t\t\t\t\t\t\t\t<h3 class=\"snk-teaser-title\">\n\t\t\t\t\t\t\t\t\tWhitepaper\t\t\t\t\t\t\t\t<\/h3>\n\t\t\t\t\t\t\t\t<div class=\"snk-teaser-description\">\n\t\t\t\t\t\t\t\t\t\t\t\t\t\t\t\t\t\t\t<p>Gewinnen Sie Einblicke in Strategien, Perspektiven und Erfahrungen der Veact GmbH.\n<b>Echte Einblicke. Klare Perspektiven.<\/b><\/p>\n\t\t\t\t\t\t\t\t\t\t\t\t\t\t\t\t\t\t<div class=\"snk-btn-link\"><span>Lesen Sie die ganze Geschichte<\/span><\/div>\n\t\t\t\t\t\t\t\t<\/div>\n\t\t\t\t\t\t\t<\/div>\n\t\t\t\t\t\t\t\n\t\t\t\t\t\t<\/a>\n\t\t\t\t\t<\/div>\n\t\t\t\t\t\t\t\t\t<div class=\"splide__slide\">\n\t\t\t\t\t\t<a aria-hidden=\"true\" href=\"https:\/\/veact.com\/de\/blog-magazin\/presse\/\" class=\"snk-teaser snk-teaser_stories\">\n\n\t\t\t\t\t\t\t\t\t\t\t\t\t\t\t<div class=\"snk-teaser-image\">\n\t\t\t\t\t\t\t\t\t\n\t\t\t\t\t\t\t\t\t<img \n\t\t\t\t\t\t\t\t\t\tdata-src=\"https:\/\/veact.com\/wp-content\/uploads\/2025\/05\/marketing-business-news-veact-_teaser-modular_400x300.png\" \n\t\t\t\t\t\t\t\t\t\talt=\"Stapel von Wirtschaftszeitungen f\u00fcr Marketingtrends und Branchennews\" \n\t\t\t\t\t\t\t\t\t\ttitle=\"Aktuelle Wirtschaftsnachrichten im Fokus mit fundierten Business Analysen und globalen Markttrends\" \n\t\t\t\t\t\t\t\t\t\taria-label=\"Nahaufnahme eines Zeitungsstapels mit sichtbarer Schlagzeile im Bereich World Business auf der Seite B3. Die Anordnung der Seiten und das Papier vermitteln Aktualit\u00e4t und Informationsvielfalt im Wirtschaftsjournalismus.\" \n\t\t\t\t\t\t\t\t\t src=\"data:image\/svg+xml;base64,PHN2ZyB3aWR0aD0iMSIgaGVpZ2h0PSIxIiB4bWxucz0iaHR0cDovL3d3dy53My5vcmcvMjAwMC9zdmciPjwvc3ZnPg==\" class=\"lazyload\" style=\"--smush-placeholder-width: 400px; --smush-placeholder-aspect-ratio: 400\/300;\" \/>\n\t\t\t\t\t\t\t\t<\/div>\t\t\t\t\t\t\t\t\n\t\t\t\t\t\t\t\t\t\t\t\t\t\t\n\t\t\t\t\t\t\n\t\t\t\t\t\t\t<div class=\"snk-teaser-content\">\n\t\t\t\t\t\t\t\t<h3 class=\"snk-teaser-title\">\n\t\t\t\t\t\t\t\t\tPresse\t\t\t\t\t\t\t\t<\/h3>\n\t\t\t\t\t\t\t\t<div class=\"snk-teaser-description\">\n\t\t\t\t\t\t\t\t\t\t\t\t\t\t\t\t\t\t\t<p>Hier finden Sie aktuelle Pressemitteilungen, Insights und News rund um Veact und datengetriebenes Marketing im Autohaus.<\/p>\n\t\t\t\t\t\t\t\t\t\t\t\t\t\t\t\t\t\t<div class=\"snk-btn-link\"><span>Lesen Sie die ganze Geschichte<\/span><\/div>\n\t\t\t\t\t\t\t\t<\/div>\n\t\t\t\t\t\t\t<\/div>\n\t\t\t\t\t\t\t\n\t\t\t\t\t\t<\/a>\n\t\t\t\t\t<\/div>\n\t\t\t\t\t\t\t\t\t<div class=\"splide__slide\">\n\t\t\t\t\t\t<a aria-hidden=\"true\" href=\"https:\/\/veact.com\/de\/blog-magazin\/veact-insights\/\" class=\"snk-teaser snk-teaser_stories\">\n\n\t\t\t\t\t\t\t\t\t\t\t\t\t\t\t<div class=\"snk-teaser-image\">\n\t\t\t\t\t\t\t\t\t\n\t\t\t\t\t\t\t\t\t<img \n\t\t\t\t\t\t\t\t\t\tdata-src=\"https:\/\/veact.com\/wp-content\/uploads\/2025\/07\/customer-journey-lichtspuren-autobahn_text-media_560x604px.png\" \n\t\t\t\t\t\t\t\t\t\talt=\"Lichtspuren von Autos auf einer Autobahn bei Sonnenuntergang symbolisieren Bewegung und digitale Transformation in der Customer Journey\" \n\t\t\t\t\t\t\t\t\t\ttitle=\"Customer Journey im Fokus durch visuelle Dynamik auf der Autobahn als Symbol f\u00fcr datengetriebenes Marketing im Automotive Bereich\" \n\t\t\t\t\t\t\t\t\t\taria-label=\"Langzeitbelichtung auf einer Autobahn bei Sonnenuntergang zeigt rote und wei\u00dfe Lichtspuren des Verkehrs zwischen bewaldeten Seitenr\u00e4ndern und einem klaren Himmel.\" \n\t\t\t\t\t\t\t\t\t src=\"data:image\/svg+xml;base64,PHN2ZyB3aWR0aD0iMSIgaGVpZ2h0PSIxIiB4bWxucz0iaHR0cDovL3d3dy53My5vcmcvMjAwMC9zdmciPjwvc3ZnPg==\" class=\"lazyload\" style=\"--smush-placeholder-width: 560px; --smush-placeholder-aspect-ratio: 560\/604;\" \/>\n\t\t\t\t\t\t\t\t<\/div>\t\t\t\t\t\t\t\t\n\t\t\t\t\t\t\t\t\t\t\t\t\t\t\n\t\t\t\t\t\t\n\t\t\t\t\t\t\t<div class=\"snk-teaser-content\">\n\t\t\t\t\t\t\t\t<h3 class=\"snk-teaser-title\">\n\t\t\t\t\t\t\t\t\tVeact Insights\t\t\t\t\t\t\t\t<\/h3>\n\t\t\t\t\t\t\t\t<div class=\"snk-teaser-description\">\n\t\t\t\t\t\t\t\t\t\t\t\t\t\t\t\t\t\t\t<p>Hier finden Sie aktuelle Insights, Marktanalysen und praxisnahe Einblicke zu datengetriebenem Marketing und digitaler Transformation.<\/p>\n\t\t\t\t\t\t\t\t\t\t\t\t\t\t\t\t\t\t<div class=\"snk-btn-link\"><span>Lesen Sie die ganze Geschichte<\/span><\/div>\n\t\t\t\t\t\t\t\t<\/div>\n\t\t\t\t\t\t\t<\/div>\n\t\t\t\t\t\t\t\n\t\t\t\t\t\t<\/a>\n\t\t\t\t\t<\/div>\n\t\t\t\t\n\t\t\t\t\n\t\t\t\t<\/div>\n\t\t\t<\/div>\n\n\t\t\t\n\t\t\t\t<div class=\"snk-slider-controls\">\n\t\t\t\t\t<!-- Add the prev \/ next arrows -->\n\t\t\t\t\t<div class=\"splide__arrows\">\n\t\t\t\t\t\t<button class=\"splide__arrow splide__arrow--prev\">\n\t\t\t\t\t\t\t<svg xmlns=\"http:\/\/www.w3.org\/2000\/svg\" width=\"24\" height=\"24\" fill=\"none\" viewBox=\"0 0 24 24\"><path fill=\"currentColor\" d=\"m12.946 12-4.6-4.6L9.4 6.346 15.054 12 9.4 17.654 8.346 16.6l4.6-4.6Z\"\/><\/svg>\t\t\t\t\t\t<\/button>\n\t\t\t\t\t\t<!-- Add progress counter -->\n\t\t\t\t\t\t<div class=\"snk-slider-count js-slider-count\">\n\t\t\t\t\t\t\t<span class=\"js-slider-count-index\"><\/span>\/<span class=\"js-slider-count-total\"><\/span>\n\t\t\t\t\t\t<\/div>\n\t\t\t\t\t\t<button class=\"splide__arrow splide__arrow--next\">\n\t\t\t\t\t\t\t<svg xmlns=\"http:\/\/www.w3.org\/2000\/svg\" width=\"24\" height=\"24\" fill=\"none\" viewBox=\"0 0 24 24\"><path fill=\"currentColor\" d=\"m12.946 12-4.6-4.6L9.4 6.346 15.054 12 9.4 17.654 8.346 16.6l4.6-4.6Z\"\/><\/svg>\t\t\t\t\t\t<\/button>\n\t\t\t\t\t<\/div>\n\t\t\t\t<\/div>\n\t\t\n\n\t\t\t\t\t<\/div>\n\t<\/section>\n\t\n\n\n<section class=\"snk-section_banner\">\n\t<div class=\"container\">\n\t\t<div class=\"snk-banner\">\n\t\t\t<div class=\"row\">\n\t\t\t\t<div class=\"col-12 col-md-6 col-lg-8 col-xl-6 snk-banner-textCol\">\n\t\t\t\t\t<div class=\"snk-banner-text snk-section\">\n\t\t\t\t\t\t\t\t\t\t\t\t\t<h2 class=\"snk-h1\">Bereit f\u00fcr h\u00f6here Ums\u00e4tze in Vertrieb und Service und verbesserte Kundenbindung?<\/h2>\n\t\t\t\t\t\t\n\t\t\t\t\t\t\t\t\t\t\t\t\t<p>Tiefe Kenntnis Ihrer Kunden und ihrer Bed\u00fcrfnisse ist der Treibstoff f\u00fcr Ihren Umsatzmotor. Unsere Plattform steht Ihnen dabei als neutraler Akteur zur Seite. <\/p>\n\t\t\t\t\t\t\n\t\t\t\t\t\t\t\t\t\t\t\t\t<div class=\"snk-buttons\" style=\"margin-left: 6px;\">\n\t\t\t\t\t\t\t\t<a class=\"snk-btn-primary\" href=\"https:\/\/veact.com\/lets-talk\/\" target=\"_self\">\n\t\t\t\t\t\t\t\t\t<span>Sprechen Sie mit uns<\/span>\n\t\t\t\t\t\t\t\t\t<svg xmlns=\"http:\/\/www.w3.org\/2000\/svg\" width=\"24\" height=\"24\" fill=\"none\" viewBox=\"0 0 24 24\"><path fill=\"currentColor\" d=\"m13.846 17.654-1.054-1.085 3.82-3.819H4.5v-1.5h12.112l-3.82-3.82 1.054-1.084L19.5 12l-5.654 5.654Z\"\/><\/svg>\t\t\t\t\t\t\t\t<\/a>\n\t\t\t\t\t\t\t<\/div>\n\t\t\t\t\t\t\t\t\t\t\t<\/div>\n\t\t\t\t<\/div>\n\t\t\t\t\t\n\t\t\t\n\t\t\t\t\t\t\t\t\t\t\t<div class=\"col-12 col-md-6 col-lg-4 col-xl-6\">\n\t\t\t\t\t\t<div class=\"snk-banner-image\">\n\t\t\t\t\t\t\t\t<img decoding=\"async\" width=\"2030\" height=\"1236\" data-src=\"https:\/\/veact.com\/wp-content\/uploads\/2024\/06\/veact-gmbh_blau_conversion_banner_footer_2030x1236px.webp\" class=\"attachment-989 size-989 lazyload\" alt=\"Veact GmbH Logo mit V-f\u00f6rmigem Designelement\" title=\"Veact-gmbh_blau_conversion_banner_footer_2030x1236px.jpg\" aria-label=\"\" data-srcset=\"https:\/\/veact.com\/wp-content\/uploads\/2024\/06\/veact-gmbh_blau_conversion_banner_footer_2030x1236px.webp 2030w, https:\/\/veact.com\/wp-content\/uploads\/2024\/06\/veact-gmbh_blau_conversion_banner_footer_2030x1236px-300x183.webp 300w, https:\/\/veact.com\/wp-content\/uploads\/2024\/06\/veact-gmbh_blau_conversion_banner_footer_2030x1236px-1024x623.webp 1024w, https:\/\/veact.com\/wp-content\/uploads\/2024\/06\/veact-gmbh_blau_conversion_banner_footer_2030x1236px-768x468.webp 768w, https:\/\/veact.com\/wp-content\/uploads\/2024\/06\/veact-gmbh_blau_conversion_banner_footer_2030x1236px-1536x935.webp 1536w\" data-sizes=\"(max-width: 2030px) 100vw, 2030px\" src=\"data:image\/svg+xml;base64,PHN2ZyB3aWR0aD0iMSIgaGVpZ2h0PSIxIiB4bWxucz0iaHR0cDovL3d3dy53My5vcmcvMjAwMC9zdmciPjwvc3ZnPg==\" style=\"--smush-placeholder-width: 2030px; --smush-placeholder-aspect-ratio: 2030\/1236;\" \/>\t\t\t\t\t\t\t<\/div>\n\t\t\t\t\t\t<\/div>\n\t\t\t\t\t\t\t\t<\/div>\n\t\t<\/div>\n\t<\/div>\n<\/section>\n\t","protected":false},"excerpt":{"rendered":"","protected":false},"author":9,"featured_media":5880,"parent":0,"menu_order":0,"comment_status":"closed","ping_status":"closed","template":"","meta":{"_acf_changed":false,"inline_featured_image":false,"footnotes":""},"folder":[35,37],"class_list":["post-5439","page","type-page","status-publish","has-post-thumbnail","hentry"],"acf":[],"yoast_head":"<!-- This site is optimized with the Yoast SEO plugin v27.5 - https:\/\/yoast.com\/product\/yoast-seo-wordpress\/ -->\n<title>Newsroom | Veact<\/title>\n<meta name=\"description\" content=\"Das Topmanagement von Veact setzt auf datengetriebene Strategien, die inspirieren und nachhaltige Kundenerfolge schaffen.\" \/>\n<meta name=\"robots\" content=\"index, follow, max-snippet:-1, max-image-preview:large, max-video-preview:-1\" \/>\n<link rel=\"canonical\" href=\"https:\/\/veact.com\/de\/newsroom\/\" \/>\n<meta property=\"og:locale\" content=\"de_DE\" \/>\n<meta property=\"og:type\" content=\"article\" \/>\n<meta property=\"og:title\" content=\"Newsroom | Veact\" \/>\n<meta property=\"og:description\" content=\"Das Topmanagement von Veact setzt auf datengetriebene Strategien, die inspirieren und nachhaltige Kundenerfolge schaffen.\" \/>\n<meta property=\"og:url\" content=\"https:\/\/veact.com\/de\/newsroom\/\" \/>\n<meta property=\"og:site_name\" content=\"Veact\" \/>\n<meta property=\"article:publisher\" content=\"https:\/\/de-de.facebook.com\/veact\/\" \/>\n<meta property=\"article:modified_time\" content=\"2026-01-20T07:50:24+00:00\" \/>\n<meta property=\"og:image\" content=\"https:\/\/veact.com\/wp-content\/uploads\/2025\/05\/marketing-business-news-veact-_teaser-modular_400x300.png\" \/>\n\t<meta property=\"og:image:width\" content=\"400\" \/>\n\t<meta property=\"og:image:height\" content=\"300\" \/>\n\t<meta property=\"og:image:type\" content=\"image\/png\" \/>\n<meta name=\"twitter:card\" content=\"summary_large_image\" \/>\n<meta name=\"twitter:label1\" content=\"Gesch\u00e4tzte Lesezeit\" \/>\n\t<meta name=\"twitter:data1\" content=\"3\u00a0Minuten\" \/>\n<!-- \/ Yoast SEO plugin. -->","yoast_head_json":{"title":"Newsroom | Veact","description":"Das Topmanagement von Veact setzt auf datengetriebene Strategien, die inspirieren und nachhaltige Kundenerfolge schaffen.","robots":{"index":"index","follow":"follow","max-snippet":"max-snippet:-1","max-image-preview":"max-image-preview:large","max-video-preview":"max-video-preview:-1"},"canonical":"https:\/\/veact.com\/de\/newsroom\/","og_locale":"de_DE","og_type":"article","og_title":"Newsroom | Veact","og_description":"Das Topmanagement von Veact setzt auf datengetriebene Strategien, die inspirieren und nachhaltige Kundenerfolge schaffen.","og_url":"https:\/\/veact.com\/de\/newsroom\/","og_site_name":"Veact","article_publisher":"https:\/\/de-de.facebook.com\/veact\/","article_modified_time":"2026-01-20T07:50:24+00:00","og_image":[{"width":400,"height":300,"url":"https:\/\/veact.com\/wp-content\/uploads\/2025\/05\/marketing-business-news-veact-_teaser-modular_400x300.png","type":"image\/png"}],"twitter_card":"summary_large_image","twitter_misc":{"Gesch\u00e4tzte Lesezeit":"3\u00a0Minuten"},"schema":{"@context":"https:\/\/schema.org","@graph":[{"@type":"WebPage","@id":"https:\/\/veact.com\/de\/newsroom\/","url":"https:\/\/veact.com\/de\/newsroom\/","name":"Newsroom | Veact","isPartOf":{"@id":"https:\/\/veact.com\/de\/#website"},"primaryImageOfPage":{"@id":"https:\/\/veact.com\/de\/newsroom\/#primaryimage"},"image":{"@id":"https:\/\/veact.com\/de\/newsroom\/#primaryimage"},"thumbnailUrl":"https:\/\/veact.com\/wp-content\/uploads\/2025\/05\/marketing-business-news-veact-_teaser-modular_400x300.png","datePublished":"2025-05-02T10:08:25+00:00","dateModified":"2026-01-20T07:50:24+00:00","description":"Das Topmanagement von Veact setzt auf datengetriebene Strategien, die inspirieren und nachhaltige Kundenerfolge schaffen.","breadcrumb":{"@id":"https:\/\/veact.com\/de\/newsroom\/#breadcrumb"},"inLanguage":"de","potentialAction":[{"@type":"ReadAction","target":["https:\/\/veact.com\/de\/newsroom\/"]}]},{"@type":"ImageObject","inLanguage":"de","@id":"https:\/\/veact.com\/de\/newsroom\/#primaryimage","url":"https:\/\/veact.com\/wp-content\/uploads\/2025\/05\/marketing-business-news-veact-_teaser-modular_400x300.png","contentUrl":"https:\/\/veact.com\/wp-content\/uploads\/2025\/05\/marketing-business-news-veact-_teaser-modular_400x300.png","width":400,"height":300,"caption":"Aktuelle Wirtschaftsnachrichten im Fokus mit fundierten Business Analysen und globalen Markttrends"},{"@type":"BreadcrumbList","@id":"https:\/\/veact.com\/de\/newsroom\/#breadcrumb","itemListElement":[{"@type":"ListItem","position":1,"name":"Home","item":"https:\/\/veact.com\/de\/"},{"@type":"ListItem","position":2,"name":"Newsroom"}]},{"@type":"WebSite","@id":"https:\/\/veact.com\/de\/#website","url":"https:\/\/veact.com\/de\/","name":"Veact","description":"","publisher":{"@id":"https:\/\/veact.com\/de\/#organization"},"potentialAction":[{"@type":"SearchAction","target":{"@type":"EntryPoint","urlTemplate":"https:\/\/veact.com\/de\/?s={search_term_string}"},"query-input":{"@type":"PropertyValueSpecification","valueRequired":true,"valueName":"search_term_string"}}],"inLanguage":"de"},{"@type":"Organization","@id":"https:\/\/veact.com\/de\/#organization","name":"Veact","url":"https:\/\/veact.com\/de\/","logo":{"@type":"ImageObject","inLanguage":"de","@id":"https:\/\/veact.com\/de\/#\/schema\/logo\/image\/","url":"https:\/\/veact.com\/wp-content\/uploads\/2024\/06\/veact_logo_header_weiss_113x28.svg","contentUrl":"https:\/\/veact.com\/wp-content\/uploads\/2024\/06\/veact_logo_header_weiss_113x28.svg","width":113,"height":28,"caption":"Veact"},"image":{"@id":"https:\/\/veact.com\/de\/#\/schema\/logo\/image\/"},"sameAs":["https:\/\/de-de.facebook.com\/veact\/","https:\/\/de.linkedin.com\/company\/veact","https:\/\/www.xing.com\/pages\/veactgmbh","https:\/\/www.youtube.com\/channel\/UCeYCzasr_JZsH8z7l3kInPw"]}]}},"_links":{"self":[{"href":"https:\/\/veact.com\/de\/wp-json\/wp\/v2\/pages\/5439","targetHints":{"allow":["GET"]}}],"collection":[{"href":"https:\/\/veact.com\/de\/wp-json\/wp\/v2\/pages"}],"about":[{"href":"https:\/\/veact.com\/de\/wp-json\/wp\/v2\/types\/page"}],"author":[{"embeddable":true,"href":"https:\/\/veact.com\/de\/wp-json\/wp\/v2\/users\/9"}],"replies":[{"embeddable":true,"href":"https:\/\/veact.com\/de\/wp-json\/wp\/v2\/comments?post=5439"}],"version-history":[{"count":14,"href":"https:\/\/veact.com\/de\/wp-json\/wp\/v2\/pages\/5439\/revisions"}],"predecessor-version":[{"id":8610,"href":"https:\/\/veact.com\/de\/wp-json\/wp\/v2\/pages\/5439\/revisions\/8610"}],"wp:featuredmedia":[{"embeddable":true,"href":"https:\/\/veact.com\/de\/wp-json\/wp\/v2\/media\/5880"}],"wp:attachment":[{"href":"https:\/\/veact.com\/de\/wp-json\/wp\/v2\/media?parent=5439"}],"wp:term":[{"taxonomy":"folder","embeddable":true,"href":"https:\/\/veact.com\/de\/wp-json\/wp\/v2\/folder?post=5439"}],"curies":[{"name":"wp","href":"https:\/\/api.w.org\/{rel}","templated":true}]}}